{"id":2073,"date":"2025-01-10T18:07:58","date_gmt":"2025-01-10T18:07:58","guid":{"rendered":"https:\/\/spitexlagomaggiore.ch\/impressum\/"},"modified":"2025-02-03T21:50:11","modified_gmt":"2025-02-03T21:50:11","slug":"impressum","status":"publish","type":"page","link":"https:\/\/spitexlagomaggiore.ch\/fr\/impressum\/","title":{"rendered":"impressum"},"content":{"rendered":"\t\t<div data-elementor-type=\"wp-page\" data-elementor-id=\"2073\" class=\"elementor elementor-2073 elementor-1215\" data-elementor-post-type=\"page\">\n\t\t\t\t<div class=\"elementor-element elementor-element-bfe8c66 e-flex e-con-boxed e-con e-parent\" data-id=\"bfe8c66\" data-element_type=\"container\" data-e-type=\"container\" data-settings=\"{&quot;background_background&quot;:&quot;classic&quot;}\">\n\t\t\t\t\t<div class=\"e-con-inner\">\n\t\t\t\t<div class=\"elementor-element elementor-element-10b3979 elementor-widget elementor-widget-heading\" data-id=\"10b3979\" data-element_type=\"widget\" data-e-type=\"widget\" data-widget_type=\"heading.default\">\n\t\t\t\t<div class=\"elementor-widget-container\">\n\t\t\t\t\t<h1 class=\"elementor-heading-title elementor-size-default\">Impressum<\/h1>\t\t\t\t<\/div>\n\t\t\t\t<\/div>\n\t\t\t\t<div class=\"elementor-element elementor-element-7e90b08 elementor-widget elementor-widget-text-editor\" data-id=\"7e90b08\" data-element_type=\"widget\" data-e-type=\"widget\" data-widget_type=\"text-editor.default\">\n\t\t\t\t<div class=\"elementor-widget-container\">\n\t\t\t\t\t\t\t\t\t<h3 class=\"text-xl font-bold text-text-200 mt-1 -mb-0.5\">Informations juridiques<\/h3>\n<p class=\"whitespace-pre-wrap break-words\">Spitex Lago Maggiore Sagl <br \/>Via Costa di fuori 7 6614 Brissago <br \/>CHE-270.186.678<\/p>\n<h3 class=\"text-xl font-bold text-text-200 mt-1 -mb-0.5\">Direction<\/h3>\n<p class=\"whitespace-pre-wrap break-words\">Mme Biffi Bosa<\/p>\n<h3 class=\"text-xl font-bold text-text-200 mt-1 -mb-0.5\">Contact<\/h3>\n<p class=\"whitespace-pre-wrap break-words\">T\u00e9l\u00e9phone : 091 780 95 59<br \/>Courriel : <a href=\"mailto:info.spitexlagomaggiore@hin.ch\">info.spitexlagomaggiore@hin.ch<\/a><br \/>Heures d&rsquo;ouverture : Lundi-vendredi 8:30-16:30<\/p>\n<h3 class=\"text-xl font-bold text-text-200 mt-1 -mb-0.5\">Responsabilit\u00e9<\/h3>\n<p class=\"whitespace-pre-wrap break-words\">Responsable du contenu : Mme Biffi Bosa R\u00e9alisation du site : EcomRules Responsable technique : Stefan R.<\/p>\n<h3 class=\"text-xl font-bold text-text-200 mt-1 -mb-0.5\">H\u00e9bergement et services techniques<\/h3>\n<p class=\"whitespace-pre-wrap break-words\">H\u00e9bergement : Infomaniak<br \/>S\u00e9curit\u00e9 du courrier \u00e9lectronique : Realcom<\/p>\n<h3 class=\"text-xl font-bold text-text-200 mt-1 -mb-0.5\">Copyright<\/h3>\n<p class=\"whitespace-pre-wrap break-words\">\u00a9 2025 Spitex Lago Maggiore Sagl Tous droits r\u00e9serv\u00e9s.<\/p>\n<p class=\"whitespace-pre-wrap break-words\">Comme l&rsquo;exige la loi suisse, ces informations sont toujours accessibles via le lien \u00ab\u00a0Impressum\u00a0\u00bb en pied de page du site Internet.<\/p>\n\t\t\t\t\t\t\t\t<\/div>\n\t\t\t\t<\/div>\n\t\t\t\t\t<\/div>\n\t\t\t\t<\/div>\n\t\t\t\t<\/div>\n\t\t","protected":false},"excerpt":{"rendered":"<p>Impressum Informations juridiques Spitex Lago Maggiore Sagl Via Costa di fuori 7 6614 Brissago CHE-270.186.678 Direction Mme Biffi Bosa Contact [&hellip;]<\/p>\n","protected":false},"author":1,"featured_media":0,"parent":0,"menu_order":0,"comment_status":"closed","ping_status":"closed","template":"elementor_theme","meta":{"site-sidebar-layout":"no-sidebar","site-content-layout":"","ast-site-content-layout":"full-width-container","site-content-style":"default","site-sidebar-style":"default","ast-global-header-display":"","ast-banner-title-visibility":"","ast-main-header-display":"","ast-hfb-above-header-display":"","ast-hfb-below-header-display":"","ast-hfb-mobile-header-display":"","site-post-title":"disabled","ast-breadcrumbs-content":"","ast-featured-img":"disabled","footer-sml-layout":"","ast-disable-related-posts":"","theme-transparent-header-meta":"","adv-header-id-meta":"","stick-header-meta":"","header-above-stick-meta":"","header-main-stick-meta":"","header-below-stick-meta":"","astra-migrate-meta-layouts":"default","ast-page-background-enabled":"default","ast-page-background-meta":{"desktop":{"background-color":"var(--ast-global-color-4)","background-image":"","background-repeat":"repeat","background-position":"center center","background-size":"auto","background-attachment":"scroll","background-type":"","background-media":"","overlay-type":"","overlay-color":"","overlay-opacity":"","overlay-gradient":""},"tablet":{"background-color":"","background-image":"","background-repeat":"repeat","background-position":"center center","background-size":"auto","background-attachment":"scroll","background-type":"","background-media":"","overlay-type":"","overlay-color":"","overlay-opacity":"","overlay-gradient":""},"mobile":{"background-color":"","background-image":"","background-repeat":"repeat","background-position":"center center","background-size":"auto","background-attachment":"scroll","background-type":"","background-media":"","overlay-type":"","overlay-color":"","overlay-opacity":"","overlay-gradient":""}},"ast-content-background-meta":{"desktop":{"background-color":"var(--ast-global-color-5)","background-image":"","background-repeat":"repeat","background-position":"center center","background-size":"auto","background-attachment":"scroll","background-type":"","background-media":"","overlay-type":"","overlay-color":"","overlay-opacity":"","overlay-gradient":""},"tablet":{"background-color":"var(--ast-global-color-5)","background-image":"","background-repeat":"repeat","background-position":"center center","background-size":"auto","background-attachment":"scroll","background-type":"","background-media":"","overlay-type":"","overlay-color":"","overlay-opacity":"","overlay-gradient":""},"mobile":{"background-color":"var(--ast-global-color-5)","background-image":"","background-repeat":"repeat","background-position":"center center","background-size":"auto","background-attachment":"scroll","background-type":"","background-media":"","overlay-type":"","overlay-color":"","overlay-opacity":"","overlay-gradient":""}},"footnotes":""},"class_list":["post-2073","page","type-page","status-publish","hentry"],"yoast_head":"<!-- This site is optimized with the Yoast SEO plugin v27.3 - https:\/\/yoast.com\/product\/yoast-seo-wordpress\/ -->\n<title>impressum - [French] Spitex Lago Maggiore | Cure a domicilio<\/title>\n<meta name=\"robots\" content=\"index, follow, max-snippet:-1, max-image-preview:large, max-video-preview:-1\" \/>\n<link rel=\"canonical\" href=\"https:\/\/spitexlagomaggiore.ch\/fr\/impressum\/\" \/>\n<meta property=\"og:locale\" content=\"fr_FR\" \/>\n<meta property=\"og:type\" content=\"article\" \/>\n<meta property=\"og:title\" content=\"impressum - [French] Spitex Lago Maggiore | Cure a domicilio\" \/>\n<meta property=\"og:description\" content=\"Impressum Informations juridiques Spitex Lago Maggiore Sagl Via Costa di fuori 7 6614 Brissago CHE-270.186.678 Direction Mme Biffi Bosa Contact [&hellip;]\" \/>\n<meta property=\"og:url\" content=\"https:\/\/spitexlagomaggiore.ch\/fr\/impressum\/\" \/>\n<meta property=\"og:site_name\" content=\"[French] Spitex Lago Maggiore | Cure a domicilio\" \/>\n<meta property=\"article:modified_time\" content=\"2025-02-03T21:50:11+00:00\" \/>\n<meta name=\"twitter:card\" content=\"summary_large_image\" \/>\n<script type=\"application\/ld+json\" class=\"yoast-schema-graph\">{\"@context\":\"https:\\\/\\\/schema.org\",\"@graph\":[{\"@type\":\"WebPage\",\"@id\":\"https:\\\/\\\/spitexlagomaggiore.ch\\\/fr\\\/impressum\\\/\",\"url\":\"https:\\\/\\\/spitexlagomaggiore.ch\\\/fr\\\/impressum\\\/\",\"name\":\"impressum - [French] Spitex Lago Maggiore | Cure a domicilio\",\"isPartOf\":{\"@id\":\"https:\\\/\\\/spitexlagomaggiore.ch\\\/fr\\\/#website\"},\"datePublished\":\"2025-01-10T18:07:58+00:00\",\"dateModified\":\"2025-02-03T21:50:11+00:00\",\"breadcrumb\":{\"@id\":\"https:\\\/\\\/spitexlagomaggiore.ch\\\/fr\\\/impressum\\\/#breadcrumb\"},\"inLanguage\":\"fr-FR\",\"potentialAction\":[{\"@type\":\"ReadAction\",\"target\":[\"https:\\\/\\\/spitexlagomaggiore.ch\\\/fr\\\/impressum\\\/\"]}]},{\"@type\":\"BreadcrumbList\",\"@id\":\"https:\\\/\\\/spitexlagomaggiore.ch\\\/fr\\\/impressum\\\/#breadcrumb\",\"itemListElement\":[{\"@type\":\"ListItem\",\"position\":1,\"name\":\"Home\",\"item\":\"https:\\\/\\\/spitexlagomaggiore.ch\\\/fr\\\/\"},{\"@type\":\"ListItem\",\"position\":2,\"name\":\"impressum\"}]},{\"@type\":\"WebSite\",\"@id\":\"https:\\\/\\\/spitexlagomaggiore.ch\\\/fr\\\/#website\",\"url\":\"https:\\\/\\\/spitexlagomaggiore.ch\\\/fr\\\/\",\"name\":\"[French] Spitex Lago Maggiore | Cure a domicilio\",\"description\":\"\",\"publisher\":{\"@id\":\"https:\\\/\\\/spitexlagomaggiore.ch\\\/fr\\\/#organization\"},\"potentialAction\":[{\"@type\":\"SearchAction\",\"target\":{\"@type\":\"EntryPoint\",\"urlTemplate\":\"https:\\\/\\\/spitexlagomaggiore.ch\\\/fr\\\/?s={search_term_string}\"},\"query-input\":{\"@type\":\"PropertyValueSpecification\",\"valueRequired\":true,\"valueName\":\"search_term_string\"}}],\"inLanguage\":\"fr-FR\"},{\"@type\":\"Organization\",\"@id\":\"https:\\\/\\\/spitexlagomaggiore.ch\\\/fr\\\/#organization\",\"name\":\"[French] Spitex Lago Maggiore | Cure a domicilio\",\"url\":\"https:\\\/\\\/spitexlagomaggiore.ch\\\/fr\\\/\",\"logo\":{\"@type\":\"ImageObject\",\"inLanguage\":\"fr-FR\",\"@id\":\"https:\\\/\\\/spitexlagomaggiore.ch\\\/fr\\\/#\\\/schema\\\/logo\\\/image\\\/\",\"url\":\"https:\\\/\\\/spitexlagomaggiore.ch\\\/wp-content\\\/uploads\\\/2024\\\/12\\\/LOGO-SPITEX.png\",\"contentUrl\":\"https:\\\/\\\/spitexlagomaggiore.ch\\\/wp-content\\\/uploads\\\/2024\\\/12\\\/LOGO-SPITEX.png\",\"width\":726,\"height\":302,\"caption\":\"[French] Spitex Lago Maggiore | Cure a domicilio\"},\"image\":{\"@id\":\"https:\\\/\\\/spitexlagomaggiore.ch\\\/fr\\\/#\\\/schema\\\/logo\\\/image\\\/\"}}]}<\/script>\n<!-- \/ Yoast SEO plugin. -->","yoast_head_json":{"title":"impressum - [French] Spitex Lago Maggiore | Cure a domicilio","robots":{"index":"index","follow":"follow","max-snippet":"max-snippet:-1","max-image-preview":"max-image-preview:large","max-video-preview":"max-video-preview:-1"},"canonical":"https:\/\/spitexlagomaggiore.ch\/fr\/impressum\/","og_locale":"fr_FR","og_type":"article","og_title":"impressum - [French] Spitex Lago Maggiore | Cure a domicilio","og_description":"Impressum Informations juridiques Spitex Lago Maggiore Sagl Via Costa di fuori 7 6614 Brissago CHE-270.186.678 Direction Mme Biffi Bosa Contact [&hellip;]","og_url":"https:\/\/spitexlagomaggiore.ch\/fr\/impressum\/","og_site_name":"[French] Spitex Lago Maggiore | Cure a domicilio","article_modified_time":"2025-02-03T21:50:11+00:00","twitter_card":"summary_large_image","schema":{"@context":"https:\/\/schema.org","@graph":[{"@type":"WebPage","@id":"https:\/\/spitexlagomaggiore.ch\/fr\/impressum\/","url":"https:\/\/spitexlagomaggiore.ch\/fr\/impressum\/","name":"impressum - [French] Spitex Lago Maggiore | Cure a domicilio","isPartOf":{"@id":"https:\/\/spitexlagomaggiore.ch\/fr\/#website"},"datePublished":"2025-01-10T18:07:58+00:00","dateModified":"2025-02-03T21:50:11+00:00","breadcrumb":{"@id":"https:\/\/spitexlagomaggiore.ch\/fr\/impressum\/#breadcrumb"},"inLanguage":"fr-FR","potentialAction":[{"@type":"ReadAction","target":["https:\/\/spitexlagomaggiore.ch\/fr\/impressum\/"]}]},{"@type":"BreadcrumbList","@id":"https:\/\/spitexlagomaggiore.ch\/fr\/impressum\/#breadcrumb","itemListElement":[{"@type":"ListItem","position":1,"name":"Home","item":"https:\/\/spitexlagomaggiore.ch\/fr\/"},{"@type":"ListItem","position":2,"name":"impressum"}]},{"@type":"WebSite","@id":"https:\/\/spitexlagomaggiore.ch\/fr\/#website","url":"https:\/\/spitexlagomaggiore.ch\/fr\/","name":"[French] Spitex Lago Maggiore | Cure a domicilio","description":"","publisher":{"@id":"https:\/\/spitexlagomaggiore.ch\/fr\/#organization"},"potentialAction":[{"@type":"SearchAction","target":{"@type":"EntryPoint","urlTemplate":"https:\/\/spitexlagomaggiore.ch\/fr\/?s={search_term_string}"},"query-input":{"@type":"PropertyValueSpecification","valueRequired":true,"valueName":"search_term_string"}}],"inLanguage":"fr-FR"},{"@type":"Organization","@id":"https:\/\/spitexlagomaggiore.ch\/fr\/#organization","name":"[French] Spitex Lago Maggiore | Cure a domicilio","url":"https:\/\/spitexlagomaggiore.ch\/fr\/","logo":{"@type":"ImageObject","inLanguage":"fr-FR","@id":"https:\/\/spitexlagomaggiore.ch\/fr\/#\/schema\/logo\/image\/","url":"https:\/\/spitexlagomaggiore.ch\/wp-content\/uploads\/2024\/12\/LOGO-SPITEX.png","contentUrl":"https:\/\/spitexlagomaggiore.ch\/wp-content\/uploads\/2024\/12\/LOGO-SPITEX.png","width":726,"height":302,"caption":"[French] Spitex Lago Maggiore | Cure a domicilio"},"image":{"@id":"https:\/\/spitexlagomaggiore.ch\/fr\/#\/schema\/logo\/image\/"}}]}},"_links":{"self":[{"href":"https:\/\/spitexlagomaggiore.ch\/fr\/wp-json\/wp\/v2\/pages\/2073","targetHints":{"allow":["GET"]}}],"collection":[{"href":"https:\/\/spitexlagomaggiore.ch\/fr\/wp-json\/wp\/v2\/pages"}],"about":[{"href":"https:\/\/spitexlagomaggiore.ch\/fr\/wp-json\/wp\/v2\/types\/page"}],"author":[{"embeddable":true,"href":"https:\/\/spitexlagomaggiore.ch\/fr\/wp-json\/wp\/v2\/users\/1"}],"replies":[{"embeddable":true,"href":"https:\/\/spitexlagomaggiore.ch\/fr\/wp-json\/wp\/v2\/comments?post=2073"}],"version-history":[{"count":1,"href":"https:\/\/spitexlagomaggiore.ch\/fr\/wp-json\/wp\/v2\/pages\/2073\/revisions"}],"predecessor-version":[{"id":2074,"href":"https:\/\/spitexlagomaggiore.ch\/fr\/wp-json\/wp\/v2\/pages\/2073\/revisions\/2074"}],"wp:attachment":[{"href":"https:\/\/spitexlagomaggiore.ch\/fr\/wp-json\/wp\/v2\/media?parent=2073"}],"curies":[{"name":"wp","href":"https:\/\/api.w.org\/{rel}","templated":true}]}}