{"id":2071,"date":"2025-01-10T16:58:42","date_gmt":"2025-01-10T16:58:42","guid":{"rendered":"https:\/\/spitexlagomaggiore.ch\/cookie-richtlinie\/"},"modified":"2025-02-03T19:42:04","modified_gmt":"2025-02-03T19:42:04","slug":"cookie-richtlinie","status":"publish","type":"page","link":"https:\/\/spitexlagomaggiore.ch\/de\/cookie-richtlinie\/","title":{"rendered":"Cookie-Richtlinie"},"content":{"rendered":"\t\t<div data-elementor-type=\"wp-page\" data-elementor-id=\"2071\" class=\"elementor elementor-2071 elementor-1189\" data-elementor-post-type=\"page\">\n\t\t\t\t<div class=\"elementor-element elementor-element-bfe8c66 e-flex e-con-boxed e-con e-parent\" data-id=\"bfe8c66\" data-element_type=\"container\" data-e-type=\"container\" data-settings=\"{&quot;background_background&quot;:&quot;classic&quot;}\">\n\t\t\t\t\t<div class=\"e-con-inner\">\n\t\t\t\t<div class=\"elementor-element elementor-element-10b3979 elementor-widget elementor-widget-heading\" data-id=\"10b3979\" data-element_type=\"widget\" data-e-type=\"widget\" data-widget_type=\"heading.default\">\n\t\t\t\t<div class=\"elementor-widget-container\">\n\t\t\t\t\t<h1 class=\"elementor-heading-title elementor-size-default\">Cookie-Richtlinie<\/h1>\t\t\t\t<\/div>\n\t\t\t\t<\/div>\n\t\t\t\t<div class=\"elementor-element elementor-element-7e90b08 elementor-widget elementor-widget-text-editor\" data-id=\"7e90b08\" data-element_type=\"widget\" data-e-type=\"widget\" data-widget_type=\"text-editor.default\">\n\t\t\t\t<div class=\"elementor-widget-container\">\n\t\t\t\t\t\t\t\t\t<p class=\"p3\">\n<p class=\"p1\"><b>1. Was sind Cookies?<\/b><b><\/b><\/p>\n<p class=\"p1\">Cookies sind kleine Textdateien, die von Websites auf Ihrem Ger\u00e4t gespeichert werden, um Ihr Surferlebnis zu verbessern, statistische Daten zu sammeln oder Inhalte zu personalisieren.<\/p>\n<p class=\"p1\"><b>2. Arten der verwendeten Cookies<br \/><\/b><b><\/b><\/p>\n<ul>\n<li class=\"p5\"><b>Technische Cookies:<\/b> Erforderlich f\u00fcr den Betrieb der Website. Kann nicht deaktiviert werden. <\/li>\n<li class=\"p5\"><b style=\"font-style: inherit;\">Cookie Analitici:<\/b><span style=\"font-size: 16px;\"> Utilizziamo Google Analytics per raccogliere informazioni anonime sulle visite e migliorare il sito.<\/span><\/li>\n<li class=\"p5\"><b style=\"font-style: inherit;\">Cookie di Terze Parti:<\/b><span style=\"font-size: 16px;\"> Collegati agli strumenti analitici o a contenuti esterni incorporati.<\/span><\/li>\n<\/ul>\n<p class=\"p1\"><b>3. Zweck der Cookies<\/b><b><\/b><\/p>\n<ul>\n<li class=\"p5\">Verbesserung der Website-Navigation<\/li>\n<li class=\"p5\">Sammlung anonymer statistischer Daten \u00fcber die Nutzung der Website<\/li>\n<li class=\"p5\">Optimierung der Nutzung von Dienstleistungen<\/li>\n<\/ul>\n<p class=\"p1\"><b>4. Verwaltung von Cookies in Browsern<\/b><b><\/b><\/p>\n<p class=\"p1\">Sie k\u00f6nnen Ihre Cookie-Einstellungen direkt in Ihrem Browser \u00e4ndern. Hier sind die offiziellen Anleitungen f\u00fcr jeden Browser: <\/p>\n<ul>\n<li class=\"p5\"><b>Google Chrome:<\/b><\/li>\n<li class=\"p5\"><a style=\"font-size: 16px; background-color: #ffffff;\" href=\"https:\/\/support.google.com\/chrome\/answer\/95647?co=GENIE.Platform%3DDesktop&amp;hl=it\">Schreibtisch<\/a><\/li>\n<li class=\"p5\"><a style=\"font-size: 16px; background-color: #ffffff;\" href=\"https:\/\/support.google.com\/chrome\/answer\/95647?co=GENIE.Platform%3DAndroid&amp;hl=it\">Android<\/a><\/li>\n<li class=\"p5\"><a style=\"font-size: 16px; background-color: #ffffff;\" href=\"https:\/\/support.google.com\/chrome\/answer\/95647?co=GENIE.Platform%3DiOS&amp;hl=it\">iOS<\/a><b style=\"font-style: inherit;\"><\/b><\/li>\n<li class=\"p5\"><b style=\"font-style: inherit;\">Mozilla Firefox:<\/b> <a style=\"font-size: 16px; background-color: #ffffff;\" href=\"https:\/\/support.mozilla.org\/it\/kb\/Gestione%20dei%20cookie\">Gestione dei cookie<\/a><\/li>\n<\/ul>\n<p class=\"p5\"><b>Safari:<\/b><b><\/b><\/p>\n<ul>\n<li class=\"p6\"><a href=\"https:\/\/support.apple.com\/it-it\/guide\/safari\/sfri11471\/mac\">macOS<\/a><\/li>\n<li class=\"p6\"><a style=\"font-size: 16px; background-color: #ffffff;\" href=\"https:\/\/support.apple.com\/it-it\/HT201265\">iOS<\/a><\/li>\n<\/ul>\n<p class=\"p5\">\u2022<b>Microsoft Edge:<\/b> <a href=\"https:\/\/support.microsoft.com\/it-it\/microsoft-edge\/eliminare-e-gestire-i-cookie-168dab11-0753-043d-7c16-ede5947fc64d\">Eliminare e gestire i cookie<\/a><\/p>\n<p class=\"p1\"><b>5. Deaktivierung von Google Analytics<\/b><b><\/b><\/p>\n<p class=\"p1\">Wenn Sie die \u00dcberwachung durch Google Analytics verhindern m\u00f6chten, k\u00f6nnen Sie das offizielle Browser-Add-on herunterladen und installieren:<\/p>\n<p class=\"p1\"><a href=\"https:\/\/tools.google.com\/dlpage\/gaoptout\">Scarica il componente aggiuntivo di Google Analytics<\/a><\/p>\n<p class=\"p1\"><b>6. Dauer der Cookies<\/b><b><\/b><\/p>\n<p class=\"p1\">Die auf unserer Website verwendeten Cookies haben eine unterschiedliche Lebensdauer. Einige laufen ab, wenn der Browser geschlossen wird, andere k\u00f6nnen bis zu 12 Monate lang aktiv bleiben. <\/p>\n<p class=\"p1\"><b>7. Kontakt<\/b><b><\/b><\/p>\n<p class=\"p1\">Bei Fragen oder W\u00fcnschen zu Cookies<br \/>E-Mail: info.spitexlagomaggiore@hin.ch<br \/>Telefon: 091 780 95 59<\/p>\n<p>Letzte Aktualisierung: 1. Januar 2025, Brissago.<\/p>\n\t\t\t\t\t\t\t\t<\/div>\n\t\t\t\t<\/div>\n\t\t\t\t\t<\/div>\n\t\t\t\t<\/div>\n\t\t\t\t<\/div>\n\t\t","protected":false},"excerpt":{"rendered":"<p>Cookie-Richtlinie 1. Was sind Cookies? Cookies sind kleine Textdateien, die von Websites auf Ihrem Ger\u00e4t gespeichert werden, um Ihr Surferlebnis [&hellip;]<\/p>\n","protected":false},"author":1,"featured_media":0,"parent":0,"menu_order":0,"comment_status":"closed","ping_status":"closed","template":"elementor_theme","meta":{"site-sidebar-layout":"no-sidebar","site-content-layout":"","ast-site-content-layout":"full-width-container","site-content-style":"default","site-sidebar-style":"default","ast-global-header-display":"","ast-banner-title-visibility":"","ast-main-header-display":"","ast-hfb-above-header-display":"","ast-hfb-below-header-display":"","ast-hfb-mobile-header-display":"","site-post-title":"disabled","ast-breadcrumbs-content":"","ast-featured-img":"disabled","footer-sml-layout":"","ast-disable-related-posts":"","theme-transparent-header-meta":"","adv-header-id-meta":"","stick-header-meta":"","header-above-stick-meta":"","header-main-stick-meta":"","header-below-stick-meta":"","astra-migrate-meta-layouts":"default","ast-page-background-enabled":"default","ast-page-background-meta":{"desktop":{"background-color":"var(--ast-global-color-4)","background-image":"","background-repeat":"repeat","background-position":"center center","background-size":"auto","background-attachment":"scroll","background-type":"","background-media":"","overlay-type":"","overlay-color":"","overlay-opacity":"","overlay-gradient":""},"tablet":{"background-color":"","background-image":"","background-repeat":"repeat","background-position":"center center","background-size":"auto","background-attachment":"scroll","background-type":"","background-media":"","overlay-type":"","overlay-color":"","overlay-opacity":"","overlay-gradient":""},"mobile":{"background-color":"","background-image":"","background-repeat":"repeat","background-position":"center center","background-size":"auto","background-attachment":"scroll","background-type":"","background-media":"","overlay-type":"","overlay-color":"","overlay-opacity":"","overlay-gradient":""}},"ast-content-background-meta":{"desktop":{"background-color":"var(--ast-global-color-5)","background-image":"","background-repeat":"repeat","background-position":"center center","background-size":"auto","background-attachment":"scroll","background-type":"","background-media":"","overlay-type":"","overlay-color":"","overlay-opacity":"","overlay-gradient":""},"tablet":{"background-color":"var(--ast-global-color-5)","background-image":"","background-repeat":"repeat","background-position":"center center","background-size":"auto","background-attachment":"scroll","background-type":"","background-media":"","overlay-type":"","overlay-color":"","overlay-opacity":"","overlay-gradient":""},"mobile":{"background-color":"var(--ast-global-color-5)","background-image":"","background-repeat":"repeat","background-position":"center center","background-size":"auto","background-attachment":"scroll","background-type":"","background-media":"","overlay-type":"","overlay-color":"","overlay-opacity":"","overlay-gradient":""}},"footnotes":""},"class_list":["post-2071","page","type-page","status-publish","hentry"],"yoast_head":"<!-- This site is optimized with the Yoast SEO plugin v27.3 - https:\/\/yoast.com\/product\/yoast-seo-wordpress\/ -->\n<title>Cookie-Richtlinie - [German] Spitex Lago Maggiore | Cure a domicilio<\/title>\n<meta name=\"robots\" content=\"index, follow, max-snippet:-1, max-image-preview:large, max-video-preview:-1\" \/>\n<link rel=\"canonical\" href=\"https:\/\/spitexlagomaggiore.ch\/de\/cookie-richtlinie\/\" \/>\n<meta property=\"og:locale\" content=\"de_DE\" \/>\n<meta property=\"og:type\" content=\"article\" \/>\n<meta property=\"og:title\" content=\"Cookie-Richtlinie - [German] Spitex Lago Maggiore | Cure a domicilio\" \/>\n<meta property=\"og:description\" content=\"Cookie-Richtlinie 1. Was sind Cookies? Cookies sind kleine Textdateien, die von Websites auf Ihrem Ger\u00e4t gespeichert werden, um Ihr Surferlebnis [&hellip;]\" \/>\n<meta property=\"og:url\" content=\"https:\/\/spitexlagomaggiore.ch\/de\/cookie-richtlinie\/\" \/>\n<meta property=\"og:site_name\" content=\"[German] Spitex Lago Maggiore | Cure a domicilio\" \/>\n<meta property=\"article:modified_time\" content=\"2025-02-03T19:42:04+00:00\" \/>\n<meta name=\"twitter:card\" content=\"summary_large_image\" \/>\n<meta name=\"twitter:label1\" content=\"Gesch\u00e4tzte Lesezeit\" \/>\n\t<meta name=\"twitter:data1\" content=\"1\u00a0Minute\" \/>\n<script type=\"application\/ld+json\" class=\"yoast-schema-graph\">{\"@context\":\"https:\\\/\\\/schema.org\",\"@graph\":[{\"@type\":\"WebPage\",\"@id\":\"https:\\\/\\\/spitexlagomaggiore.ch\\\/de\\\/cookie-richtlinie\\\/\",\"url\":\"https:\\\/\\\/spitexlagomaggiore.ch\\\/de\\\/cookie-richtlinie\\\/\",\"name\":\"Cookie-Richtlinie - [German] Spitex Lago Maggiore | Cure a domicilio\",\"isPartOf\":{\"@id\":\"https:\\\/\\\/spitexlagomaggiore.ch\\\/de\\\/#website\"},\"datePublished\":\"2025-01-10T16:58:42+00:00\",\"dateModified\":\"2025-02-03T19:42:04+00:00\",\"breadcrumb\":{\"@id\":\"https:\\\/\\\/spitexlagomaggiore.ch\\\/de\\\/cookie-richtlinie\\\/#breadcrumb\"},\"inLanguage\":\"de\",\"potentialAction\":[{\"@type\":\"ReadAction\",\"target\":[\"https:\\\/\\\/spitexlagomaggiore.ch\\\/de\\\/cookie-richtlinie\\\/\"]}]},{\"@type\":\"BreadcrumbList\",\"@id\":\"https:\\\/\\\/spitexlagomaggiore.ch\\\/de\\\/cookie-richtlinie\\\/#breadcrumb\",\"itemListElement\":[{\"@type\":\"ListItem\",\"position\":1,\"name\":\"Home\",\"item\":\"https:\\\/\\\/spitexlagomaggiore.ch\\\/de\\\/\"},{\"@type\":\"ListItem\",\"position\":2,\"name\":\"Cookie-Richtlinie\"}]},{\"@type\":\"WebSite\",\"@id\":\"https:\\\/\\\/spitexlagomaggiore.ch\\\/de\\\/#website\",\"url\":\"https:\\\/\\\/spitexlagomaggiore.ch\\\/de\\\/\",\"name\":\"[German] Spitex Lago Maggiore | Cure a domicilio\",\"description\":\"\",\"publisher\":{\"@id\":\"https:\\\/\\\/spitexlagomaggiore.ch\\\/de\\\/#organization\"},\"potentialAction\":[{\"@type\":\"SearchAction\",\"target\":{\"@type\":\"EntryPoint\",\"urlTemplate\":\"https:\\\/\\\/spitexlagomaggiore.ch\\\/de\\\/?s={search_term_string}\"},\"query-input\":{\"@type\":\"PropertyValueSpecification\",\"valueRequired\":true,\"valueName\":\"search_term_string\"}}],\"inLanguage\":\"de\"},{\"@type\":\"Organization\",\"@id\":\"https:\\\/\\\/spitexlagomaggiore.ch\\\/de\\\/#organization\",\"name\":\"[German] Spitex Lago Maggiore | Cure a domicilio\",\"url\":\"https:\\\/\\\/spitexlagomaggiore.ch\\\/de\\\/\",\"logo\":{\"@type\":\"ImageObject\",\"inLanguage\":\"de\",\"@id\":\"https:\\\/\\\/spitexlagomaggiore.ch\\\/de\\\/#\\\/schema\\\/logo\\\/image\\\/\",\"url\":\"https:\\\/\\\/spitexlagomaggiore.ch\\\/wp-content\\\/uploads\\\/2024\\\/12\\\/LOGO-SPITEX.png\",\"contentUrl\":\"https:\\\/\\\/spitexlagomaggiore.ch\\\/wp-content\\\/uploads\\\/2024\\\/12\\\/LOGO-SPITEX.png\",\"width\":726,\"height\":302,\"caption\":\"[German] Spitex Lago Maggiore | Cure a domicilio\"},\"image\":{\"@id\":\"https:\\\/\\\/spitexlagomaggiore.ch\\\/de\\\/#\\\/schema\\\/logo\\\/image\\\/\"}}]}<\/script>\n<!-- \/ Yoast SEO plugin. -->","yoast_head_json":{"title":"Cookie-Richtlinie - [German] Spitex Lago Maggiore | Cure a domicilio","robots":{"index":"index","follow":"follow","max-snippet":"max-snippet:-1","max-image-preview":"max-image-preview:large","max-video-preview":"max-video-preview:-1"},"canonical":"https:\/\/spitexlagomaggiore.ch\/de\/cookie-richtlinie\/","og_locale":"de_DE","og_type":"article","og_title":"Cookie-Richtlinie - [German] Spitex Lago Maggiore | Cure a domicilio","og_description":"Cookie-Richtlinie 1. Was sind Cookies? Cookies sind kleine Textdateien, die von Websites auf Ihrem Ger\u00e4t gespeichert werden, um Ihr Surferlebnis [&hellip;]","og_url":"https:\/\/spitexlagomaggiore.ch\/de\/cookie-richtlinie\/","og_site_name":"[German] Spitex Lago Maggiore | Cure a domicilio","article_modified_time":"2025-02-03T19:42:04+00:00","twitter_card":"summary_large_image","twitter_misc":{"Gesch\u00e4tzte Lesezeit":"1\u00a0Minute"},"schema":{"@context":"https:\/\/schema.org","@graph":[{"@type":"WebPage","@id":"https:\/\/spitexlagomaggiore.ch\/de\/cookie-richtlinie\/","url":"https:\/\/spitexlagomaggiore.ch\/de\/cookie-richtlinie\/","name":"Cookie-Richtlinie - [German] Spitex Lago Maggiore | Cure a domicilio","isPartOf":{"@id":"https:\/\/spitexlagomaggiore.ch\/de\/#website"},"datePublished":"2025-01-10T16:58:42+00:00","dateModified":"2025-02-03T19:42:04+00:00","breadcrumb":{"@id":"https:\/\/spitexlagomaggiore.ch\/de\/cookie-richtlinie\/#breadcrumb"},"inLanguage":"de","potentialAction":[{"@type":"ReadAction","target":["https:\/\/spitexlagomaggiore.ch\/de\/cookie-richtlinie\/"]}]},{"@type":"BreadcrumbList","@id":"https:\/\/spitexlagomaggiore.ch\/de\/cookie-richtlinie\/#breadcrumb","itemListElement":[{"@type":"ListItem","position":1,"name":"Home","item":"https:\/\/spitexlagomaggiore.ch\/de\/"},{"@type":"ListItem","position":2,"name":"Cookie-Richtlinie"}]},{"@type":"WebSite","@id":"https:\/\/spitexlagomaggiore.ch\/de\/#website","url":"https:\/\/spitexlagomaggiore.ch\/de\/","name":"[German] Spitex Lago Maggiore | Cure a domicilio","description":"","publisher":{"@id":"https:\/\/spitexlagomaggiore.ch\/de\/#organization"},"potentialAction":[{"@type":"SearchAction","target":{"@type":"EntryPoint","urlTemplate":"https:\/\/spitexlagomaggiore.ch\/de\/?s={search_term_string}"},"query-input":{"@type":"PropertyValueSpecification","valueRequired":true,"valueName":"search_term_string"}}],"inLanguage":"de"},{"@type":"Organization","@id":"https:\/\/spitexlagomaggiore.ch\/de\/#organization","name":"[German] Spitex Lago Maggiore | Cure a domicilio","url":"https:\/\/spitexlagomaggiore.ch\/de\/","logo":{"@type":"ImageObject","inLanguage":"de","@id":"https:\/\/spitexlagomaggiore.ch\/de\/#\/schema\/logo\/image\/","url":"https:\/\/spitexlagomaggiore.ch\/wp-content\/uploads\/2024\/12\/LOGO-SPITEX.png","contentUrl":"https:\/\/spitexlagomaggiore.ch\/wp-content\/uploads\/2024\/12\/LOGO-SPITEX.png","width":726,"height":302,"caption":"[German] Spitex Lago Maggiore | Cure a domicilio"},"image":{"@id":"https:\/\/spitexlagomaggiore.ch\/de\/#\/schema\/logo\/image\/"}}]}},"_links":{"self":[{"href":"https:\/\/spitexlagomaggiore.ch\/de\/wp-json\/wp\/v2\/pages\/2071","targetHints":{"allow":["GET"]}}],"collection":[{"href":"https:\/\/spitexlagomaggiore.ch\/de\/wp-json\/wp\/v2\/pages"}],"about":[{"href":"https:\/\/spitexlagomaggiore.ch\/de\/wp-json\/wp\/v2\/types\/page"}],"author":[{"embeddable":true,"href":"https:\/\/spitexlagomaggiore.ch\/de\/wp-json\/wp\/v2\/users\/1"}],"replies":[{"embeddable":true,"href":"https:\/\/spitexlagomaggiore.ch\/de\/wp-json\/wp\/v2\/comments?post=2071"}],"version-history":[{"count":1,"href":"https:\/\/spitexlagomaggiore.ch\/de\/wp-json\/wp\/v2\/pages\/2071\/revisions"}],"predecessor-version":[{"id":2072,"href":"https:\/\/spitexlagomaggiore.ch\/de\/wp-json\/wp\/v2\/pages\/2071\/revisions\/2072"}],"wp:attachment":[{"href":"https:\/\/spitexlagomaggiore.ch\/de\/wp-json\/wp\/v2\/media?parent=2071"}],"curies":[{"name":"wp","href":"https:\/\/api.w.org\/{rel}","templated":true}]}}